{"id":805,"date":"2024-07-05T06:07:39","date_gmt":"2024-07-05T06:07:39","guid":{"rendered":"https:\/\/great-wu.145-239-198-223.plesk.page\/?page_id=805"},"modified":"2026-03-13T10:58:16","modified_gmt":"2026-03-13T10:58:16","slug":"contact","status":"publish","type":"page","link":"https:\/\/all-invest.com\/en\/contact\/","title":{"rendered":"Contact"},"content":{"rendered":"<div data-elementor-type=\"wp-page\" data-elementor-id=\"805\" class=\"elementor elementor-805\" data-elementor-post-type=\"page\">\n\t\t\t\t<div data-particle_enable=\"false\" data-particle-mobile-disabled=\"false\" class=\"elementor-element elementor-element-cb8af17 e-flex e-con-boxed e-con e-parent\" data-id=\"cb8af17\" data-element_type=\"container\" data-e-type=\"container\" data-settings=\"{&quot;background_background&quot;:&quot;classic&quot;}\">\n\t\t\t\t\t<div class=\"e-con-inner\">\n\t\t\t\t<div class=\"elementor-element elementor-element-f15d845 elementor-widget elementor-widget-heading\" data-id=\"f15d845\" data-element_type=\"widget\" data-e-type=\"widget\" data-widget_type=\"heading.default\">\n\t\t\t\t<div class=\"elementor-widget-container\">\n\t\t\t\t\t<h1 class=\"elementor-heading-title elementor-size-default\">Contact<\/h1>\t\t\t\t<\/div>\n\t\t\t\t<\/div>\n\t\t\t\t\t<\/div>\n\t\t\t\t<\/div>\n\t\t<div data-particle_enable=\"false\" data-particle-mobile-disabled=\"false\" class=\"elementor-element elementor-element-b11d77b e-flex e-con-boxed e-con e-parent\" data-id=\"b11d77b\" data-element_type=\"container\" data-e-type=\"container\" data-settings=\"{&quot;background_background&quot;:&quot;classic&quot;}\">\n\t\t\t\t\t<div class=\"e-con-inner\">\n\t\t<div data-particle_enable=\"false\" data-particle-mobile-disabled=\"false\" class=\"elementor-element elementor-element-97d42f6 e-con-full e-flex e-con e-child\" data-id=\"97d42f6\" data-element_type=\"container\" data-e-type=\"container\">\n\t\t\t\t<div class=\"elementor-element elementor-element-abc2ace elementor-widget elementor-widget-image\" data-id=\"abc2ace\" data-element_type=\"widget\" data-e-type=\"widget\" data-widget_type=\"image.default\">\n\t\t\t\t<div class=\"elementor-widget-container\">\n\t\t\t\t\t\t\t\t\t\t\t\t\t\t\t<img decoding=\"async\" width=\"209\" height=\"50\" src=\"https:\/\/all-invest.com\/wp-content\/uploads\/2024\/07\/Groupe-722.svg\" class=\"attachment-full size-full wp-image-1131\" alt=\"\" \/>\t\t\t\t\t\t\t\t\t\t\t\t\t\t\t<\/div>\n\t\t\t\t<\/div>\n\t\t\t\t<div class=\"elementor-element elementor-element-dcaa277 elementor-widget__width-inherit elementor-widget elementor-widget-text-editor\" data-id=\"dcaa277\" data-element_type=\"widget\" data-e-type=\"widget\" data-widget_type=\"text-editor.default\">\n\t\t\t\t<div class=\"elementor-widget-container\">\n\t\t\t\t\t\t\t\t\t<p>Nos \u00e9quipes sont disponibles pour r\u00e9pondre \u00e0 toutes vos questions. Vous pouvez nous contacter par t\u00e9l\u00e9phone au <strong>+33 1 44 88 77 88<\/strong> ou en utilisant le formulaire ci-dessous. Nous nous engageons \u00e0 vous r\u00e9pondre dans les plus brefs d\u00e9lais.<\/p>\t\t\t\t\t\t\t\t<\/div>\n\t\t\t\t<\/div>\n\t\t\t\t<div class=\"elementor-element elementor-element-841be6d elementor-widget elementor-widget-shortcode\" data-id=\"841be6d\" data-element_type=\"widget\" data-e-type=\"widget\" data-widget_type=\"shortcode.default\">\n\t\t\t\t<div class=\"elementor-widget-container\">\n\t\t\t\t\t\t\t<div class=\"elementor-shortcode\">\n<div class=\"wpcf7 no-js\" id=\"wpcf7-f829-o1\" lang=\"en-US\" dir=\"ltr\" data-wpcf7-id=\"829\">\n<div class=\"screen-reader-response\"><p role=\"status\" aria-live=\"polite\" aria-atomic=\"true\"><\/p> <ul><\/ul><\/div>\n<form action=\"\/en\/wp-json\/wp\/v2\/pages\/805#wpcf7-f829-o1\" method=\"post\" class=\"wpcf7-form init\" aria-label=\"Contact form\" novalidate=\"novalidate\" data-status=\"init\" data-trp-original-action=\"\/en\/wp-json\/wp\/v2\/pages\/805#wpcf7-f829-o1\">\n<fieldset class=\"hidden-fields-container\"><input type=\"hidden\" name=\"_wpcf7\" value=\"829\" \/><input type=\"hidden\" name=\"_wpcf7_version\" value=\"6.1.5\" \/><input type=\"hidden\" name=\"_wpcf7_locale\" value=\"en_US\" \/><input type=\"hidden\" name=\"_wpcf7_unit_tag\" value=\"wpcf7-f829-o1\" \/><input type=\"hidden\" name=\"_wpcf7_container_post\" value=\"0\" \/><input type=\"hidden\" name=\"_wpcf7_posted_data_hash\" value=\"\" \/>\n<\/fieldset>\n<div class=\"form-row\">\n\t<div class=\"form-group\">\n\t\t<p><span class=\"icon\" style=\"z-index: 1;\"><svg width=\"20\" height=\"22\" viewbox=\"0 0 20 22\" fill=\"none\" xmlns=\"http:\/\/www.w3.org\/2000\/svg\">\n<mask id=\"mask0_461_2619\" style=\"mask-type:luminance\" maskunits=\"userSpaceOnUse\" x=\"0\" y=\"0\" width=\"20\" height=\"22\">\n<path d=\"M19.7933 0H0.320312V21.657H19.7933V0Z\" fill=\"white\"\/>\n<\/mask>\n<g mask=\"url(#mask0_461_2619)\">\n<path d=\"M10.0566 10.746C8.99392 10.746 7.9551 10.4309 7.07152 9.84049C6.18793 9.2501 5.49926 8.41095 5.09259 7.42916C4.68592 6.44737 4.57952 5.36704 4.78684 4.32478C4.99416 3.28252 5.50588 2.32515 6.25731 1.57372C7.00874 0.82229 7.96612 0.310562 9.00838 0.103243C10.0506 -0.104075 11.131 0.00232804 12.1128 0.408998C13.0945 0.815667 13.9337 1.50434 14.5241 2.38792C15.1145 3.27151 15.4296 4.31032 15.4296 5.373C15.4277 6.79744 14.8611 8.16301 13.8538 9.17024C12.8466 10.1775 11.481 10.7442 10.0566 10.746ZM10.0566 1.035C9.19862 1.035 8.35991 1.28942 7.64653 1.76609C6.93315 2.24275 6.37714 2.92026 6.04881 3.71292C5.72047 4.50559 5.63457 5.37781 5.80195 6.2193C5.96933 7.06079 6.38249 7.83375 6.98917 8.44043C7.59585 9.04711 8.3688 9.46027 9.21029 9.62765C10.0518 9.79503 10.924 9.70913 11.7167 9.38079C12.5093 9.05246 13.1868 8.49645 13.6635 7.78307C14.1402 7.06969 14.3946 6.23098 14.3946 5.373C14.393 4.22298 13.9355 3.12052 13.1223 2.30733C12.3091 1.49414 11.2066 1.03659 10.0566 1.035Z\" fill=\"#AF1280\"\/>\n<path d=\"M19.2763 21.6571C19.1389 21.6571 19.0072 21.6025 18.91 21.5053C18.8129 21.4082 18.7583 21.2764 18.7583 21.1391C18.7583 18.8317 17.8417 16.6188 16.2101 14.9872C14.5786 13.3557 12.3657 12.4391 10.0583 12.4391C7.75093 12.4391 5.53805 13.3557 3.90648 14.9872C2.27492 16.6188 1.35831 18.8317 1.35831 21.1391C1.35831 21.2767 1.30363 21.4087 1.2063 21.506C1.10897 21.6034 0.97696 21.6581 0.839312 21.6581C0.701665 21.6581 0.569655 21.6034 0.472324 21.506C0.374993 21.4087 0.320313 21.2767 0.320312 21.1391C0.34631 18.5739 1.38357 16.1226 3.20669 14.3178C5.02981 12.5131 7.49149 11.5007 10.0568 11.5007C12.6221 11.5007 15.0838 12.5131 16.9069 14.3178C18.7301 16.1226 19.7673 18.5739 19.7933 21.1391C19.793 21.2761 19.7385 21.4074 19.6416 21.5043C19.5447 21.6012 19.4133 21.6568 19.2763 21.6571Z\" fill=\"#AF1280\"\/>\n<\/g>\n<\/svg><br \/>\n<\/span><br \/>\n<span class=\"wpcf7-form-control-wrap\" data-name=\"first-name\"><input size=\"40\" maxlength=\"400\" class=\"wpcf7-form-control wpcf7-text wpcf7-validates-as-required\" aria-required=\"true\" aria-invalid=\"false\" placeholder=\"First name\" value=\"\" type=\"text\" name=\"first-name\" \/><\/span>\n\t\t<\/p>\n\t<\/div>\n\t<div class=\"form-group\">\n\t\t<p><span class=\"icon\" style=\"z-index: 1;\"><svg width=\"20\" height=\"22\" viewbox=\"0 0 20 22\" fill=\"none\" xmlns=\"http:\/\/www.w3.org\/2000\/svg\">\n<mask id=\"mask0_461_2619\" style=\"mask-type:luminance\" maskunits=\"userSpaceOnUse\" x=\"0\" y=\"0\" width=\"20\" height=\"22\">\n<path d=\"M19.7933 0H0.320312V21.657H19.7933V0Z\" fill=\"white\"\/>\n<\/mask>\n<g mask=\"url(#mask0_461_2619)\">\n<path d=\"M10.0566 10.746C8.99392 10.746 7.9551 10.4309 7.07152 9.84049C6.18793 9.2501 5.49926 8.41095 5.09259 7.42916C4.68592 6.44737 4.57952 5.36704 4.78684 4.32478C4.99416 3.28252 5.50588 2.32515 6.25731 1.57372C7.00874 0.82229 7.96612 0.310562 9.00838 0.103243C10.0506 -0.104075 11.131 0.00232804 12.1128 0.408998C13.0945 0.815667 13.9337 1.50434 14.5241 2.38792C15.1145 3.27151 15.4296 4.31032 15.4296 5.373C15.4277 6.79744 14.8611 8.16301 13.8538 9.17024C12.8466 10.1775 11.481 10.7442 10.0566 10.746ZM10.0566 1.035C9.19862 1.035 8.35991 1.28942 7.64653 1.76609C6.93315 2.24275 6.37714 2.92026 6.04881 3.71292C5.72047 4.50559 5.63457 5.37781 5.80195 6.2193C5.96933 7.06079 6.38249 7.83375 6.98917 8.44043C7.59585 9.04711 8.3688 9.46027 9.21029 9.62765C10.0518 9.79503 10.924 9.70913 11.7167 9.38079C12.5093 9.05246 13.1868 8.49645 13.6635 7.78307C14.1402 7.06969 14.3946 6.23098 14.3946 5.373C14.393 4.22298 13.9355 3.12052 13.1223 2.30733C12.3091 1.49414 11.2066 1.03659 10.0566 1.035Z\" fill=\"#AF1280\"\/>\n<path d=\"M19.2763 21.6571C19.1389 21.6571 19.0072 21.6025 18.91 21.5053C18.8129 21.4082 18.7583 21.2764 18.7583 21.1391C18.7583 18.8317 17.8417 16.6188 16.2101 14.9872C14.5786 13.3557 12.3657 12.4391 10.0583 12.4391C7.75093 12.4391 5.53805 13.3557 3.90648 14.9872C2.27492 16.6188 1.35831 18.8317 1.35831 21.1391C1.35831 21.2767 1.30363 21.4087 1.2063 21.506C1.10897 21.6034 0.97696 21.6581 0.839312 21.6581C0.701665 21.6581 0.569655 21.6034 0.472324 21.506C0.374993 21.4087 0.320313 21.2767 0.320312 21.1391C0.34631 18.5739 1.38357 16.1226 3.20669 14.3178C5.02981 12.5131 7.49149 11.5007 10.0568 11.5007C12.6221 11.5007 15.0838 12.5131 16.9069 14.3178C18.7301 16.1226 19.7673 18.5739 19.7933 21.1391C19.793 21.2761 19.7385 21.4074 19.6416 21.5043C19.5447 21.6012 19.4133 21.6568 19.2763 21.6571Z\" fill=\"#AF1280\"\/>\n<\/g>\n<\/svg><br \/>\n<\/span><br \/>\n<span class=\"wpcf7-form-control-wrap\" data-name=\"last-name\"><input size=\"40\" maxlength=\"400\" class=\"wpcf7-form-control wpcf7-text wpcf7-validates-as-required\" aria-required=\"true\" aria-invalid=\"false\" placeholder=\"Name\" value=\"\" type=\"text\" name=\"last-name\" \/><\/span>\n\t\t<\/p>\n\t<\/div>\n<\/div>\n<div class=\"form-row\">\n\t<div class=\"form-group\">\n\t\t<p><span class=\"icon\" style=\"z-index: 1;\"><svg width=\"14\" height=\"26\" viewbox=\"0 0 14 26\" fill=\"none\" xmlns=\"http:\/\/www.w3.org\/2000\/svg\">\n<mask id=\"mask0_461_2640\" style=\"mask-type:luminance\" maskunits=\"userSpaceOnUse\" x=\"0\" y=\"0\" width=\"14\" height=\"26\">\n<path d=\"M13.8845 0H0.230469V25.117H13.8845V0Z\" fill=\"white\"\/>\n<\/mask>\n<g mask=\"url(#mask0_461_2640)\">\n<path d=\"M7.05747 21.788C6.99139 21.7874 6.92658 21.7699 6.8693 21.7369C6.81201 21.704 6.76419 21.6568 6.73047 21.6C6.46147 21.15 0.230469 10.529 0.230469 6.879C0.230469 5.06837 0.94974 3.33189 2.23005 2.05158C3.51036 0.771273 5.24684 0.052002 7.05747 0.052002C8.8681 0.052002 10.6046 0.771273 11.8849 2.05158C13.1652 3.33189 13.8845 5.06837 13.8845 6.879C13.8845 10.528 7.65347 21.149 7.38447 21.6C7.3504 21.6574 7.30195 21.7049 7.2439 21.7379C7.18586 21.7709 7.12022 21.7881 7.05347 21.788M7.05347 0.767002C5.44071 0.777052 3.8977 1.426 2.76255 2.57165C1.62739 3.7173 0.992674 5.26622 0.997469 6.879C0.997469 9.862 5.74847 18.354 7.05747 20.639C8.36747 18.354 13.1175 9.862 13.1175 6.879C13.1225 5.26545 12.4873 3.71578 11.3513 2.56996C10.2152 1.42413 8.671 0.775733 7.05747 0.767002\" fill=\"#AF1280\"\/>\n<path d=\"M7.05813 10.333C6.37391 10.3381 5.70357 10.1399 5.13215 9.76353C4.56074 9.38714 4.11399 8.84952 3.84857 8.21886C3.58315 7.58819 3.51103 6.8929 3.64135 6.22119C3.77168 5.54948 4.09857 4.9316 4.58057 4.44595C5.06257 3.96029 5.67795 3.62874 6.34866 3.49335C7.01937 3.35795 7.71519 3.42482 8.34784 3.68546C8.98049 3.9461 9.52148 4.38878 9.90217 4.95734C10.2829 5.5259 10.4861 6.19471 10.4861 6.87895C10.4885 7.79124 10.129 8.66723 9.48631 9.31476C8.84366 9.96228 7.97041 10.3285 7.05813 10.333ZM7.05813 4.19295C6.52561 4.188 6.00363 4.34139 5.55845 4.63366C5.11328 4.92593 4.76499 5.34389 4.55781 5.83447C4.35063 6.32506 4.2939 6.86614 4.39482 7.38904C4.49573 7.91193 4.74975 8.39304 5.12462 8.77129C5.49949 9.14954 5.9783 9.40786 6.50027 9.51347C7.02223 9.61908 7.56381 9.5672 8.05623 9.36443C8.54866 9.16166 8.96973 8.81714 9.26598 8.37461C9.56223 7.93208 9.7203 7.41149 9.72013 6.87895C9.72226 6.17008 9.44324 5.48928 8.94425 4.98579C8.44525 4.4823 7.76699 4.19718 7.05813 4.19295Z\" fill=\"#AF1280\"\/>\n<path d=\"M10.5463 24.35H3.57031V25.117H10.5463V24.35Z\" fill=\"#AF1280\"\/>\n<\/g>\n<\/svg><br \/>\n<\/span><br \/>\n<span class=\"wpcf7-form-control-wrap\" data-name=\"your-city\"><input size=\"40\" maxlength=\"400\" class=\"wpcf7-form-control wpcf7-text wpcf7-validates-as-required\" aria-required=\"true\" aria-invalid=\"false\" placeholder=\"City\" value=\"\" type=\"text\" name=\"your-city\" \/><\/span>\n\t\t<\/p>\n\t<\/div>\n\t<div class=\"form-group\">\n\t\t<p><span class=\"icon\" style=\"z-index: 1;\"><svg width=\"23\" height=\"24\" viewbox=\"0 0 23 24\" fill=\"none\" xmlns=\"http:\/\/www.w3.org\/2000\/svg\">\n<mask id=\"mask0_461_2653\" style=\"mask-type:luminance\" maskunits=\"userSpaceOnUse\" x=\"0\" y=\"0\" width=\"23\" height=\"24\">\n<path d=\"M22.151 0.946045H0V23.054H22.151V0.946045Z\" fill=\"white\"\/>\n<\/mask>\n<g mask=\"url(#mask0_461_2653)\">\n<path d=\"M9.92016 22.87C-0.224837 10.634 9.85616 1.15103 9.95816 1.05603L10.5272 1.68103C10.1272 2.04503 0.939163 10.728 10.5652 22.338L9.92016 22.87Z\" fill=\"#AF1280\"\/>\n<path d=\"M12.229 22.87L11.584 22.333C21.22 10.723 12.018 2.04004 11.622 1.68104L12.189 1.06104C12.289 1.16104 22.389 10.639 12.228 22.875\" fill=\"#AF1280\"\/>\n<path d=\"M3.31725 19.081L2.90625 18.35C5.37043 16.8445 8.20239 16.0484 11.0901 16.0494C13.9778 16.0505 16.8092 16.8487 19.2722 18.356L18.8412 19.076C15.4132 17.02 9.94125 15.351 3.31725 19.082\" fill=\"#AF1280\"\/>\n<path d=\"M11.1615 7.96498C8.20313 7.9286 5.30761 7.10654 2.77148 5.58298L3.18848 4.85498C5.54565 6.33021 8.26896 7.11562 11.0497 7.12216C13.8304 7.12869 16.5574 6.35611 18.9215 4.89198L19.3575 5.60998C16.8896 7.12691 14.0542 7.94055 11.1575 7.96298\" fill=\"#AF1280\"\/>\n<path d=\"M11.0749 23.053C8.88988 23.0485 6.7552 22.3964 4.94059 21.1791C3.12599 19.9619 1.71287 18.2341 0.879795 16.2141C0.0467159 14.1941 -0.16895 11.9725 0.260045 9.82997C0.68904 7.68745 1.74345 5.72014 3.29005 4.17661C4.83665 2.63308 6.80605 1.58259 8.94943 1.15785C11.0928 0.733117 13.314 0.9532 15.3323 1.79029C17.3507 2.62739 19.0756 4.04393 20.2893 5.86095C21.5029 7.67798 22.1507 9.81395 22.1509 11.999C22.1451 14.9327 20.9756 17.7443 18.8991 19.8167C16.8226 21.8891 14.0087 23.053 11.0749 23.053ZM11.0749 1.786C9.05569 1.79035 7.08304 2.39311 5.40624 3.51813C3.72943 4.64314 2.4237 6.23992 1.65403 8.10673C0.884355 9.97353 0.685278 12.0266 1.08195 14.0065C1.47862 15.9864 2.45324 17.8043 3.88267 19.2305C5.31209 20.6567 7.13218 21.6272 9.11296 22.0194C11.0938 22.4117 13.1463 22.208 15.0114 21.4341C16.8765 20.6602 18.4703 19.3509 19.5916 17.6716C20.7128 15.9922 21.3111 14.0182 21.3109 11.999C21.3048 9.28814 20.2237 6.69038 18.3048 4.77557C16.3859 2.86076 13.7858 1.78626 11.0749 1.786Z\" fill=\"#AF1280\"\/>\n<\/g>\n<\/svg><br \/>\n<\/span><br \/>\n<span class=\"wpcf7-form-control-wrap\" data-name=\"your-country\"><input size=\"40\" maxlength=\"400\" class=\"wpcf7-form-control wpcf7-text wpcf7-validates-as-required\" aria-required=\"true\" aria-invalid=\"false\" placeholder=\"Country\" value=\"\" type=\"text\" name=\"your-country\" \/><\/span>\n\t\t<\/p>\n\t<\/div>\n<\/div>\n<div class=\"form-row\">\n\t<div class=\"form-group\">\n\t\t<p><span class=\"icon\" style=\"z-index: 1;\"><svg width=\"24\" height=\"18\" viewbox=\"0 0 24 18\" fill=\"none\" xmlns=\"http:\/\/www.w3.org\/2000\/svg\">\n<mask id=\"mask0_461_2641\" style=\"mask-type:luminance\" maskunits=\"userSpaceOnUse\" x=\"0\" y=\"0\" width=\"24\" height=\"18\">\n<path d=\"M23.3702 0.951904H0.742188V17.5609H23.3702V0.951904Z\" fill=\"white\"\/>\n<\/mask>\n<g mask=\"url(#mask0_461_2641)\">\n<path d=\"M21.7852 17.5599L2.32419 17.5519C1.90443 17.5514 1.50205 17.3843 1.20542 17.0873C0.908798 16.7903 0.742187 16.3877 0.742188 15.9679L0.742188 2.5309C0.742982 2.11185 0.910007 1.71023 1.2066 1.4142C1.5032 1.11817 1.90513 0.951904 2.32419 0.951905H21.7852C22.2044 0.951639 22.6066 1.11778 22.9034 1.41385C23.2002 1.70991 23.3674 2.11168 23.3682 2.5309V15.9799C23.3671 16.399 23.1999 16.8007 22.9031 17.0967C22.6064 17.3927 22.2043 17.5599 21.7852 17.5599ZM2.32419 1.7109C2.10653 1.7109 1.89775 1.79723 1.74365 1.95096C1.58955 2.10468 1.50272 2.31324 1.50219 2.5309V15.9679C1.50272 16.1855 1.58959 16.3939 1.74371 16.5475C1.89784 16.7011 2.10662 16.7872 2.32419 16.7869L21.7852 16.7989C22.0028 16.7992 22.2117 16.7131 22.366 16.5596C22.5203 16.406 22.6074 16.1976 22.6082 15.9799V2.5309C22.6074 2.31315 22.5203 2.10459 22.3661 1.95089C22.2118 1.7972 22.0029 1.7109 21.7852 1.7109H2.32419Z\" fill=\"#AF1280\"\/>\n<path d=\"M6.46955 10.4439L1.52539 16.3339L2.10673 16.8218L7.05089 10.9319L6.46955 10.4439Z\" fill=\"#AF1280\"\/>\n<path d=\"M17.6447 10.4427L17.0625 10.9299L21.9988 16.8274L22.581 16.3401L17.6447 10.4427Z\" fill=\"#AF1280\"\/>\n<path d=\"M12.0897 10.2579C12.0054 10.2572 11.9236 10.2292 11.8567 10.1779L3.30469 3.5939L3.76869 2.9939L12.0887 9.3989L20.2167 3.0349L20.6847 3.6349L12.3237 10.1769C12.2571 10.2298 12.1747 10.2577 12.0897 10.2579Z\" fill=\"#AF1280\"\/>\n<\/g>\n<\/svg><br \/>\n<\/span><br \/>\n<span class=\"wpcf7-form-control-wrap\" data-name=\"your-email\"><input size=\"40\" maxlength=\"400\" class=\"wpcf7-form-control wpcf7-email wpcf7-validates-as-required wpcf7-text wpcf7-validates-as-email\" aria-required=\"true\" aria-invalid=\"false\" placeholder=\"Mail\" value=\"\" type=\"email\" name=\"your-email\" \/><\/span>\n\t\t<\/p>\n\t<\/div>\n\t<div class=\"form-group\">\n\t\t<p><span class=\"icon\" style=\"z-index: 1;\"><svg width=\"21\" height=\"21\" viewbox=\"0 0 21 21\" fill=\"none\" xmlns=\"http:\/\/www.w3.org\/2000\/svg\">\n<mask id=\"mask0_461_2663\" style=\"mask-type:luminance\" maskunits=\"userSpaceOnUse\" x=\"0\" y=\"0\" width=\"21\" height=\"21\">\n<path d=\"M20.973 0.280029H0.5V20.752H20.973V0.280029Z\" fill=\"white\"\/>\n<\/mask>\n<g mask=\"url(#mask0_461_2663)\">\n<path d=\"M17.2357 20.752C17.1303 20.7546 17.0251 20.7431 16.9227 20.718C13.9637 20.305 10.6227 18.27 7.05668 14.679C6.94968 14.572 6.87368 14.493 6.82668 14.45L6.65868 14.28C3.07368 10.766 0.952681 7.30503 0.525681 4.28003C0.477862 3.88709 0.538283 3.48855 0.70042 3.12744C0.862557 2.76634 1.12025 2.45637 1.44568 2.23103C2.04968 1.66303 3.54968 0.321025 4.26968 0.288025C4.52919 0.262273 4.79056 0.313031 5.02156 0.434042C5.25256 0.555053 5.4431 0.741024 5.56968 0.969025L7.95768 4.55802C8.16685 4.8309 8.28782 5.16108 8.30444 5.5045C8.32105 5.84791 8.23253 6.18823 8.05068 6.48002L6.99968 8.38003C7.86859 9.46675 8.80017 10.5018 9.78968 11.48L9.80168 11.492L9.81168 11.502C10.7905 12.4908 11.8256 13.4224 12.9117 14.292L14.8447 13.215C15.1388 13.0409 15.4782 12.9584 15.8194 12.978C16.1607 12.9975 16.4884 13.1184 16.7607 13.325L20.3177 15.707C20.5396 15.8384 20.7193 16.0308 20.8352 16.2612C20.9511 16.4916 20.9985 16.7505 20.9717 17.007C20.9417 17.707 19.5977 19.207 19.0237 19.818C18.8122 20.094 18.5432 20.3206 18.2352 20.4821C17.9273 20.6435 17.5879 20.736 17.2407 20.753M4.38368 1.07203C4.36504 1.07068 4.34632 1.07068 4.32768 1.07203C3.44754 1.50826 2.65238 2.09819 1.97968 2.81403C1.17368 3.53103 1.29468 4.10003 1.29968 4.12503C1.70568 6.98003 3.79968 10.373 7.21168 13.72L7.38068 13.888C7.41268 13.918 7.49768 14.004 7.61668 14.122C11.0607 17.587 14.2467 19.548 17.0857 19.947C17.1537 19.962 17.7267 20.082 18.4327 19.284C19.144 18.6114 19.7346 17.8216 20.1787 16.949C20.1925 16.8373 20.1735 16.724 20.1239 16.623C20.0744 16.5219 19.9965 16.4375 19.8997 16.38L16.3067 13.98L16.2847 13.963C16.1368 13.848 15.9574 13.7807 15.7704 13.7702C15.5833 13.7596 15.3975 13.8063 15.2377 13.904L13.0577 15.11C12.9897 15.1483 12.9118 15.1655 12.834 15.1594C12.7562 15.1534 12.682 15.1243 12.6207 15.076C11.4508 14.1509 10.3378 13.1561 9.28768 12.097C9.24687 12.07 9.21101 12.0362 9.18168 11.997C8.12641 10.9486 7.1356 9.83723 6.21468 8.66903C6.16678 8.6076 6.13786 8.53353 6.13147 8.4559C6.12507 8.37827 6.14148 8.30046 6.17868 8.23203L7.36868 6.08003C7.47029 5.92017 7.52003 5.73281 7.51108 5.54361C7.50213 5.3544 7.43493 5.17258 7.31868 5.02303L4.89368 1.38003C4.84391 1.28768 4.77041 1.21027 4.68077 1.15578C4.59113 1.10129 4.48857 1.07169 4.38368 1.07003\" fill=\"#AF1280\"\/>\n<\/g>\n<\/svg><br \/>\n<\/span><br \/>\n<span class=\"wpcf7-form-control-wrap\" data-name=\"your-phone\"><input size=\"40\" maxlength=\"400\" class=\"wpcf7-form-control wpcf7-tel wpcf7-validates-as-required wpcf7-text wpcf7-validates-as-tel\" aria-required=\"true\" aria-invalid=\"false\" placeholder=\"Phone number\" value=\"\" type=\"tel\" name=\"your-phone\" \/><\/span>\n\t\t<\/p>\n\t<\/div>\n<\/div>\n<div class=\"form-group select\">\n\t<p><span class=\"wpcf7-form-control-wrap\" data-name=\"your-message\"><textarea cols=\"40\" rows=\"10\" maxlength=\"2000\" class=\"wpcf7-form-control wpcf7-textarea\" aria-invalid=\"false\" placeholder=\"Your\u00a0message\" name=\"your-message\"><\/textarea><\/span>\n\t<\/p>\n<\/div>\n<p><input class=\"wpcf7-form-control wpcf7-submit has-spinner\" type=\"submit\" value=\"Send\" \/>\n<\/p><div class=\"wpcf7-response-output\" aria-hidden=\"true\"><\/div>\n<input type=\"hidden\" name=\"trp-form-language\" value=\"en\"\/><\/form>\n<\/div>\n<\/div>\n\t\t\t\t\t\t<\/div>\n\t\t\t\t<\/div>\n\t\t\t\t<\/div>\n\t\t\t\t\t<\/div>\n\t\t\t\t<\/div>\n\t\t\t\t<\/div>","protected":false},"excerpt":{"rendered":"<p>Contact Nos \u00e9quipes sont disponibles pour r\u00e9pondre \u00e0 toutes vos questions. Vous pouvez nous contacter par t\u00e9l\u00e9phone au +33 1 44 88 [&hellip;]<\/p>\n","protected":false},"author":3,"featured_media":0,"parent":0,"menu_order":0,"comment_status":"closed","ping_status":"closed","template":"","meta":{"inline_featured_image":false,"footnotes":""},"class_list":["post-805","page","type-page","status-publish","hentry"],"acf":[],"_links":{"self":[{"href":"https:\/\/all-invest.com\/en\/wp-json\/wp\/v2\/pages\/805","targetHints":{"allow":["GET"]}}],"collection":[{"href":"https:\/\/all-invest.com\/en\/wp-json\/wp\/v2\/pages"}],"about":[{"href":"https:\/\/all-invest.com\/en\/wp-json\/wp\/v2\/types\/page"}],"author":[{"embeddable":true,"href":"https:\/\/all-invest.com\/en\/wp-json\/wp\/v2\/users\/3"}],"replies":[{"embeddable":true,"href":"https:\/\/all-invest.com\/en\/wp-json\/wp\/v2\/comments?post=805"}],"version-history":[{"count":0,"href":"https:\/\/all-invest.com\/en\/wp-json\/wp\/v2\/pages\/805\/revisions"}],"wp:attachment":[{"href":"https:\/\/all-invest.com\/en\/wp-json\/wp\/v2\/media?parent=805"}],"curies":[{"name":"wp","href":"https:\/\/api.w.org\/{rel}","templated":true}]}}