{"id":6750,"date":"2026-03-01T15:15:07","date_gmt":"2026-03-01T15:15:07","guid":{"rendered":"https:\/\/all-invest.com\/?page_id=6750"},"modified":"2026-03-01T16:47:23","modified_gmt":"2026-03-01T16:47:23","slug":"informations-spg","status":"publish","type":"page","link":"https:\/\/all-invest.com\/en\/informations-spg\/","title":{"rendered":"Informations SPG"},"content":{"rendered":"<div data-elementor-type=\"wp-page\" data-elementor-id=\"6750\" class=\"elementor elementor-6750\" data-elementor-post-type=\"page\">\n\t\t\t\t<div data-particle_enable=\"false\" data-particle-mobile-disabled=\"false\" class=\"elementor-element elementor-element-c72d590 e-con-full e-flex e-con e-parent\" data-id=\"c72d590\" data-element_type=\"container\" data-e-type=\"container\" data-settings=\"{&quot;background_background&quot;:&quot;classic&quot;}\">\n\t\t\t\t<\/div>\n\t\t<div data-particle_enable=\"false\" data-particle-mobile-disabled=\"false\" class=\"elementor-element elementor-element-d269d78 e-flex e-con-boxed e-con e-parent\" data-id=\"d269d78\" data-element_type=\"container\" data-e-type=\"container\">\n\t\t\t\t\t<div class=\"e-con-inner\">\n\t\t<div data-particle_enable=\"false\" data-particle-mobile-disabled=\"false\" class=\"elementor-element elementor-element-0c7e173 e-con-full e-flex e-con e-child\" data-id=\"0c7e173\" data-element_type=\"container\" data-e-type=\"container\">\n\t\t\t\t<div class=\"elementor-element elementor-element-d4c15f5 elementor-widget-mobile__width-initial elementor-widget elementor-widget-image\" data-id=\"d4c15f5\" data-element_type=\"widget\" data-e-type=\"widget\" data-widget_type=\"image.default\">\n\t\t\t\t<div class=\"elementor-widget-container\">\n\t\t\t\t\t\t\t\t\t\t\t\t\t\t\t<img fetchpriority=\"high\" decoding=\"async\" width=\"1000\" height=\"1000\" src=\"https:\/\/all-invest.com\/wp-content\/uploads\/2026\/03\/logo-spg.svg\" class=\"attachment-large size-large wp-image-6745\" alt=\"\" \/>\t\t\t\t\t\t\t\t\t\t\t\t\t\t\t<\/div>\n\t\t\t\t<\/div>\n\t\t\t\t<div class=\"elementor-element elementor-element-e4728bf elementor-widget-mobile__width-initial elementor-widget elementor-widget-image\" data-id=\"e4728bf\" data-element_type=\"widget\" data-e-type=\"widget\" data-widget_type=\"image.default\">\n\t\t\t\t<div class=\"elementor-widget-container\">\n\t\t\t\t\t\t\t\t\t\t\t\t\t\t\t<img decoding=\"async\" width=\"1000\" height=\"1000\" src=\"https:\/\/all-invest.com\/wp-content\/uploads\/2026\/03\/texte-spg.svg\" class=\"attachment-large size-large wp-image-6743\" alt=\"\" \/>\t\t\t\t\t\t\t\t\t\t\t\t\t\t\t<\/div>\n\t\t\t\t<\/div>\n\t\t\t\t<\/div>\n\t\t\t\t<div class=\"elementor-element elementor-element-bd43c66 elementor-widget elementor-widget-heading\" data-id=\"bd43c66\" data-element_type=\"widget\" data-e-type=\"widget\" data-widget_type=\"heading.default\">\n\t\t\t\t<div class=\"elementor-widget-container\">\n\t\t\t\t\t<h1 class=\"elementor-heading-title elementor-size-default\">COMMUNICATION DU 19 FEVRIER 2026<br>\nRELATIVE A UN ACTE DE CYBER-MALVEILLANCE<\/h1>\t\t\t\t<\/div>\n\t\t\t\t<\/div>\n\t\t\t\t<div class=\"elementor-element elementor-element-39a51a6 elementor-widget elementor-widget-text-editor\" data-id=\"39a51a6\" data-element_type=\"widget\" data-e-type=\"widget\" data-widget_type=\"text-editor.default\">\n\t\t\t\t<div class=\"elementor-widget-container\">\n\t\t\t\t\t\t\t\t\t<p>Ch\u00e8re Cliente, Cher Client,<\/p><p>Sully Patrimoine Gestion souhaite vous informer d\u2019un incident de s\u00e9curit\u00e9 ayant affect\u00e9 sa base de donn\u00e9es le 3 d\u00e9cembre dernier.<\/p><p>Nous avons en effet identifi\u00e9 un acc\u00e8s non autoris\u00e9 \u00e0 notre syst\u00e8me informatique, ayant<br \/>potentiellement pu entra\u00eener l\u2019extraction de certaines donn\u00e9es personnelles vous concernant.<\/p><p>D\u00e8s la d\u00e9couverte de cet incident, nous avons men\u00e9, en \u00e9troite collaboration avec des experts en cybers\u00e9curit\u00e9, des investigations, pris des mesures pour en limiter les impacts, s\u00e9curis\u00e9 les syst\u00e8mes concern\u00e9s afin de pr\u00e9venir toute nouvelle tentative de compromission. Le d\u00e9ploiement de nos proc\u00e9dures de s\u00e9curit\u00e9 informatique nous a ainsi permis de poursuivre nos<br \/>activit\u00e9s et de restaurer toutes les donn\u00e9es sans que cela n\u2019affecte la qualit\u00e9 des services que nous vous fournissons.<\/p><p>Par ailleurs, conform\u00e9ment \u00e0 nos obligations au titre du R\u00e8glement G\u00e9n\u00e9ral sur la Protection des Donn\u00e9es, nous avons inform\u00e9 l\u2019Autorit\u00e9 des March\u00e9s Financiers et la Commission Nationale de l\u2019Informatique et des Libert\u00e9s et avons \u00e9galement d\u00e9pos\u00e9 une plainte aupr\u00e8s des autorit\u00e9s comp\u00e9tentes.<\/p><p>A ce stade de nos investigations, les donn\u00e9es potentiellement concern\u00e9es peuvent inclure des informations telles que : nom, pr\u00e9nom, date de naissance, coordonn\u00e9es (adresse e-mail, num\u00e9ro de t\u00e9l\u00e9phone, adresse postale), pi\u00e8ces d\u2019identit\u00e9, coordonn\u00e9es bancaires.<\/p><p>Ceci \u00e9tant rappel\u00e9, nous vous invitons n\u00e9anmoins, par mesures de pr\u00e9caution, \u00e0 :<\/p><ul><li>rester vigilants en cas d&rsquo;activit\u00e9 ou de communication suspecte (SMS, appels t\u00e9l\u00e9phoniques, e-mails) puisque des personnes malveillantes pourraient exploiter les potentielles donn\u00e9es collect\u00e9es pour tenter de vous cibler, par exemple via des e-mails d&rsquo;hame\u00e7onnage. N&rsquo;ouvrez pas de pi\u00e8ces jointes et ne cliquez pas sur des liens provenant de sources inconnues, et ne divulguez pas d&rsquo;informations sensibles,<\/li><li>nous signaler toute activit\u00e9 inhabituelle.<\/li><\/ul><p>Un point de contact d\u00e9di\u00e9 est \u00e0 votre disposition pour toute question ou information compl\u00e9mentaire : <a href=\"mailto:dpo@all-invest.com\">dpo@all-invest.com<\/a>.<\/p><p>Nous vous remercions, Ch\u00e8re Cliente, Cher Client, de votre confiance et de votre<br \/>compr\u00e9hension.<\/p><p>Bien cordialement.<\/p>\t\t\t\t\t\t\t\t<\/div>\n\t\t\t\t<\/div>\n\t\t\t\t<div class=\"elementor-element elementor-element-d44136a elementor-widget elementor-widget-text-editor\" data-id=\"d44136a\" data-element_type=\"widget\" data-e-type=\"widget\" data-widget_type=\"text-editor.default\">\n\t\t\t\t<div class=\"elementor-widget-container\">\n\t\t\t\t\t\t\t\t\t<p><strong>Sully Patrimoine Gestion, SA \u00e0 Conseil de Surveillance et Directoire au capital de<\/strong><\/p><p><strong>550.000 \u20ac- RCS de Paris : 443\u00a0242\u00a0953<\/strong><\/p><p><strong>Soci\u00e9t\u00e9 de Gestion de Portefeuilles agr\u00e9\u00e9e par l&rsquo;Autorit\u00e9 des March\u00e9s Financiers sous<\/strong><\/p><p><strong>le N\u00b0GP-02020<\/strong><\/p><p><strong>73 bd Haussmann, 75008 Paris &#8211; +33 1 44 88 77 88 &#8211; <\/strong><a href=\"https:\/\/all-invest.com\/en\/\"><strong>ALL-invest.com<\/strong><\/a><\/p>\t\t\t\t\t\t\t\t<\/div>\n\t\t\t\t<\/div>\n\t\t\t\t\t<\/div>\n\t\t\t\t<\/div>\n\t\t\t\t<\/div>","protected":false},"excerpt":{"rendered":"<p>COMMUNICATION DU 19 FEVRIER 2026 RELATIVE A UN ACTE DE CYBER-MALVEILLANCE Ch\u00e8re Cliente, Cher Client, Sully Patrimoine Gestion souhaite vous informer d\u2019un [&hellip;]<\/p>\n","protected":false},"author":3,"featured_media":0,"parent":0,"menu_order":0,"comment_status":"closed","ping_status":"closed","template":"","meta":{"inline_featured_image":false,"footnotes":""},"class_list":["post-6750","page","type-page","status-publish","hentry"],"acf":[],"_links":{"self":[{"href":"https:\/\/all-invest.com\/en\/wp-json\/wp\/v2\/pages\/6750","targetHints":{"allow":["GET"]}}],"collection":[{"href":"https:\/\/all-invest.com\/en\/wp-json\/wp\/v2\/pages"}],"about":[{"href":"https:\/\/all-invest.com\/en\/wp-json\/wp\/v2\/types\/page"}],"author":[{"embeddable":true,"href":"https:\/\/all-invest.com\/en\/wp-json\/wp\/v2\/users\/3"}],"replies":[{"embeddable":true,"href":"https:\/\/all-invest.com\/en\/wp-json\/wp\/v2\/comments?post=6750"}],"version-history":[{"count":0,"href":"https:\/\/all-invest.com\/en\/wp-json\/wp\/v2\/pages\/6750\/revisions"}],"wp:attachment":[{"href":"https:\/\/all-invest.com\/en\/wp-json\/wp\/v2\/media?parent=6750"}],"curies":[{"name":"wp","href":"https:\/\/api.w.org\/{rel}","templated":true}]}}