{"id":6276,"date":"2025-03-05T10:05:39","date_gmt":"2025-03-05T10:05:39","guid":{"rendered":"https:\/\/all-invest.com\/?page_id=6276"},"modified":"2026-03-13T10:20:58","modified_gmt":"2026-03-13T10:20:58","slug":"avertissement-tentatives-de-fraude","status":"publish","type":"page","link":"https:\/\/all-invest.com\/en\/avertissement-tentatives-de-fraude\/","title":{"rendered":"Avertissement tentatives de fraude"},"content":{"rendered":"<div data-elementor-type=\"wp-page\" data-elementor-id=\"6276\" class=\"elementor elementor-6276\" data-elementor-post-type=\"page\">\n\t\t\t\t<div data-particle_enable=\"false\" data-particle-mobile-disabled=\"false\" class=\"elementor-element elementor-element-d129575 e-con-full e-flex e-con e-parent\" data-id=\"d129575\" data-element_type=\"container\" data-e-type=\"container\" data-settings=\"{&quot;background_background&quot;:&quot;classic&quot;}\">\n\t\t\t\t<\/div>\n\t\t<div data-particle_enable=\"false\" data-particle-mobile-disabled=\"false\" class=\"elementor-element elementor-element-5ae96fc e-flex e-con-boxed e-con e-parent\" data-id=\"5ae96fc\" data-element_type=\"container\" data-e-type=\"container\">\n\t\t\t\t\t<div class=\"e-con-inner\">\n\t\t\t\t<div class=\"elementor-element elementor-element-1e20bf6 elementor-widget elementor-widget-heading\" data-id=\"1e20bf6\" data-element_type=\"widget\" data-e-type=\"widget\" data-widget_type=\"heading.default\">\n\t\t\t\t<div class=\"elementor-widget-container\">\n\t\t\t\t\t<h1 class=\"elementor-heading-title elementor-size-default\">Avertissement tentatives de fraude<\/h1>\t\t\t\t<\/div>\n\t\t\t\t<\/div>\n\t\t\t\t<div class=\"elementor-element elementor-element-1ce7d1c elementor-widget elementor-widget-text-editor\" data-id=\"1ce7d1c\" data-element_type=\"widget\" data-e-type=\"widget\" data-widget_type=\"text-editor.default\">\n\t\t\t\t<div class=\"elementor-widget-container\">\n\t\t\t\t\t\t\t\t\t<p><strong>Le Groupe ALLinvest<\/strong> attire votre attention sur les tentatives de fraudes avec usurpation de l\u2019identit\u00e9 de nos collaborateurs ou de celle de notre Groupe (logo, nom commercial, etc.) pouvant \u00eatre commises \u00e0 votre encontre par des fraudeurs.<\/p><p>Les techniques de phishing (ou hame\u00e7onnage) \u00e9voluent en permanence et sont de plus en plus sophistiqu\u00e9es. Elles ont principalement pour objectif de r\u00e9cup\u00e9rer de mani\u00e8re frauduleuse des donn\u00e9es personnelles ou de solliciter la r\u00e9alisation d\u2019une transaction par virement bancaire ou paiement d\u00e9mat\u00e9rialis\u00e9.<\/p><p>Le Groupe ALLinvest d\u00e9cline toute responsabilit\u00e9 et vous invite \u00e0 faire preuve de vigilance\u00a0:<\/p><ul><li>M\u00e9fiez-vous de toutes sollicitations et v\u00e9rifiez l\u2019identit\u00e9 de votre interlocuteur.<\/li><li>Ne r\u00e9pondez pas aux courriels qui vous paraissent suspects et d\u00e9truisez-les imm\u00e9diatement.<\/li><li>Ne cliquez jamais sur les liens contenus dans les messages dont vous n&rsquo;\u00eates pas certain de la provenance.<\/li><\/ul><p>Si vous pensez \u00eatre victime d\u2019une d\u00e9marche frauduleuse utilisant l\u2019identit\u00e9 du Groupe ALLinvest, d\u2019une entit\u00e9 du Groupe (ALLinvest Securities ; ALLinvest Corporate Finance ou Sully Patrimoine Gestion) ou de l\u2019un de ses collaborateurs, nous vous invitons \u00e0 nous contacter aux coordonn\u00e9es suivantes : +33 1 44 88 77 88 ou via le formulaire de contact accessible <a href=\"https:\/\/all-invest.com\/en\/contact\/\"><strong>ici.<\/strong><\/a><\/p><p>Vous pouvez \u00e9galement consulter\u00a0<a href=\"https:\/\/www.amf-france.org\/fr\/espace-epargnants\/proteger-son-epargne\/listes-noires-et-mises-en-garde\">la liste noire des soci\u00e9t\u00e9s frauduleuses<\/a>\u00a0\u00e9tablie par l\u2019Autorit\u00e9 des March\u00e9s Financiers.<\/p><p>Enfin, en cas d\u2019escroquerie vous devez\u00a0:<\/p><ul style=\"list-style: none;\"><li>1)\u00a0 \u00a0porter plainte aupr\u00e8s du commissariat ou de la gendarmerie la plus proche ;<\/li><li>2)\u00a0 signaler l\u2019e-mail ou le site de phishing sur :<ul><li>le\u00a0<a href=\"https:\/\/phishing-initiative.fr\/contrib\/\">site Phishing Initiative<\/a>, qui permet de bloquer l\u2019acc\u00e8s aux sites signal\u00e9s.<\/li><li>le\u00a0<a href=\"https:\/\/www.internet-signalement.gouv.fr\/PortailWeb\/planets\/SignalerEtapeAccepter!load.action\">site Internet Signalement (Pharos)<\/a>, qui permet d\u2019alerter les services de police de l\u2019ill\u00e9galit\u00e9 d\u2019un site internet.<\/li><\/ul><\/li><\/ul>\t\t\t\t\t\t\t\t<\/div>\n\t\t\t\t<\/div>\n\t\t\t\t\t<\/div>\n\t\t\t\t<\/div>\n\t\t\t\t<\/div>","protected":false},"excerpt":{"rendered":"<p>Avertissement tentatives de fraude Le Groupe ALLinvest attire votre attention sur les tentatives de fraudes avec usurpation de l\u2019identit\u00e9 de nos collaborateurs [&hellip;]<\/p>\n","protected":false},"author":3,"featured_media":0,"parent":0,"menu_order":0,"comment_status":"closed","ping_status":"closed","template":"","meta":{"inline_featured_image":false,"footnotes":""},"class_list":["post-6276","page","type-page","status-publish","hentry"],"acf":[],"_links":{"self":[{"href":"https:\/\/all-invest.com\/en\/wp-json\/wp\/v2\/pages\/6276","targetHints":{"allow":["GET"]}}],"collection":[{"href":"https:\/\/all-invest.com\/en\/wp-json\/wp\/v2\/pages"}],"about":[{"href":"https:\/\/all-invest.com\/en\/wp-json\/wp\/v2\/types\/page"}],"author":[{"embeddable":true,"href":"https:\/\/all-invest.com\/en\/wp-json\/wp\/v2\/users\/3"}],"replies":[{"embeddable":true,"href":"https:\/\/all-invest.com\/en\/wp-json\/wp\/v2\/comments?post=6276"}],"version-history":[{"count":0,"href":"https:\/\/all-invest.com\/en\/wp-json\/wp\/v2\/pages\/6276\/revisions"}],"wp:attachment":[{"href":"https:\/\/all-invest.com\/en\/wp-json\/wp\/v2\/media?parent=6276"}],"curies":[{"name":"wp","href":"https:\/\/api.w.org\/{rel}","templated":true}]}}