{"id":3,"date":"2024-06-23T07:18:32","date_gmt":"2024-06-23T07:18:32","guid":{"rendered":"https:\/\/great-wu.145-239-198-223.plesk.page\/?page_id=3"},"modified":"2026-03-13T11:59:26","modified_gmt":"2026-03-13T11:59:26","slug":"privacy-policy","status":"publish","type":"page","link":"https:\/\/all-invest.com\/en\/privacy-policy\/","title":{"rendered":"Privacy Policy"},"content":{"rendered":"<div data-elementor-type=\"wp-page\" data-elementor-id=\"3\" class=\"elementor elementor-3\" data-elementor-post-type=\"page\">\n\t\t\t\t<div data-particle_enable=\"false\" data-particle-mobile-disabled=\"false\" class=\"elementor-element elementor-element-f3d491c e-flex e-con-boxed e-con e-parent\" data-id=\"f3d491c\" data-element_type=\"container\" data-e-type=\"container\" data-settings=\"{&quot;background_background&quot;:&quot;classic&quot;}\">\n\t\t\t\t\t<div class=\"e-con-inner\">\n\t\t\t\t<div class=\"elementor-element elementor-element-30c8078 elementor-widget elementor-widget-heading\" data-id=\"30c8078\" data-element_type=\"widget\" data-e-type=\"widget\" data-widget_type=\"heading.default\">\n\t\t\t\t<div class=\"elementor-widget-container\">\n\t\t\t\t\t<h1 class=\"elementor-heading-title elementor-size-default\">Politique de protection <br>\ndes donn\u00e9es personnelles<\/h1>\t\t\t\t<\/div>\n\t\t\t\t<\/div>\n\t\t\t\t\t<\/div>\n\t\t\t\t<\/div>\n\t\t<div data-particle_enable=\"false\" data-particle-mobile-disabled=\"false\" class=\"elementor-element elementor-element-604d994 e-flex e-con-boxed e-con e-parent\" data-id=\"604d994\" data-element_type=\"container\" data-e-type=\"container\">\n\t\t\t\t\t<div class=\"e-con-inner\">\n\t\t<div data-particle_enable=\"false\" data-particle-mobile-disabled=\"false\" class=\"elementor-element elementor-element-ee0e2da e-con-full e-flex e-con e-child\" data-id=\"ee0e2da\" data-element_type=\"container\" data-e-type=\"container\">\n\t\t\t\t<div class=\"elementor-element elementor-element-9f1d71e elementor-widget elementor-widget-text-editor\" data-id=\"9f1d71e\" data-element_type=\"widget\" data-e-type=\"widget\" data-widget_type=\"text-editor.default\">\n\t\t\t\t<div class=\"elementor-widget-container\">\n\t\t\t\t\t\t\t\t\t<p>ALLinvest est le nom commercial de l\u2019ensemble des activit\u00e9s de la compagnie holding d\u2019investissement INVEST ET ASSOCIES, soci\u00e9t\u00e9 \u00e0 responsabilit\u00e9 limit\u00e9e au capital de 3.000.000 euros, dont le si\u00e8ge social est situ\u00e9 73 boulevard Haussmann \u00e0 PARIS (75008). INVEST ET ASSOCIES regroupe notamment les soci\u00e9t\u00e9s Invest Securities, Invest Corporate Finance, Sully Patrimoine Gestion et Sully Conseils Assurances, entit\u00e9s responsables du traitement de vos donn\u00e9es personnelles.<\/p><p>Le Groupe ALLinvest accorde une grande importance \u00e0 la protection de votre vie priv\u00e9e. C\u2019est la raison pour laquelle nous avons adopt\u00e9 des principes communs au sein de la Politique de Confidentialit\u00e9 du Groupe ALLinvest, disponible sur le site\u00a0<a href=\"https:\/\/all-invest.com\/en\/\">www.all-invest.com<\/a>\u00a0(\u00abNous\u00bb).<\/p><p>Le pr\u00e9sent document a pour objet de vous informer de la mani\u00e8re dont nous utilisons et prot\u00e9geons vos donn\u00e9es personnelles, ainsi que des raisons pour lesquelles nous traitons ces donn\u00e9es.<\/p><p>Il s\u2019applique uniform\u00e9ment \u00e0 tous les produits et services d\u2019ALLinvest, \u00e9tant pr\u00e9cis\u00e9 que des informations compl\u00e9mentaires pourront vous \u00eatre communiqu\u00e9es si n\u00e9cessaire lorsque vous souscrivez un produit ou un service en particulier.<\/p>\t\t\t\t\t\t\t\t<\/div>\n\t\t\t\t<\/div>\n\t\t\t\t<div class=\"elementor-element elementor-element-9b26a88 elementor-widget elementor-widget-heading\" data-id=\"9b26a88\" data-element_type=\"widget\" data-e-type=\"widget\" data-widget_type=\"heading.default\">\n\t\t\t\t<div class=\"elementor-widget-container\">\n\t\t\t\t\t<h2 class=\"elementor-heading-title elementor-size-default\">1. QUELLES DONN\u00c9ES PERSONNELLES TRAITONS-NOUS ?<\/h2>\t\t\t\t<\/div>\n\t\t\t\t<\/div>\n\t\t\t\t<div class=\"elementor-element elementor-element-616a9fa elementor-widget elementor-widget-text-editor\" data-id=\"616a9fa\" data-element_type=\"widget\" data-e-type=\"widget\" data-widget_type=\"text-editor.default\">\n\t\t\t\t<div class=\"elementor-widget-container\">\n\t\t\t\t\t\t\t\t\t<p>Nous collectons et utilisons uniquement les donn\u00e9es personnelles qui nous sont n\u00e9cessaires dans le cadre de notre activit\u00e9 pour vous proposer des produits et services personnalis\u00e9s et de qualit\u00e9.<\/p><p>Nous pouvons \u00eatre amen\u00e9s \u00e0 collecter diff\u00e9rentes cat\u00e9gories de donn\u00e9es personnelles aupr\u00e8s de vous, notamment :<\/p><ul><li>informations d\u2019identification et de contact (nom, pr\u00e9nom, lieu et date de naissance, photo, num\u00e9ros de carte d\u2019identit\u00e9 et de passeport, adresse postale et \u00e9lectronique, num\u00e9ro de t\u00e9l\u00e9phone, sexe, \u00e2ge ou signature), preuve de domicile (EDF, charges) ;<\/li><li>donn\u00e9es d\u2019identification et d\u2019authentification notamment lors de l\u2019utilisation des services en ligne (logs techniques, traces informatiques, informations sur la s\u00e9curit\u00e9 et l\u2019utilisation du terminal, adresse IP) ;<\/li><li>donn\u00e9es fiscales (num\u00e9ro fiscal, statut fiscal, pays de r\u00e9sidence) ;<\/li><li>situation familiale (statut marital, r\u00e9gime matrimonial, nombre d\u2019enfants) ;<\/li><li>informations relatives \u00e0 la formation et \u00e0 l\u2019emploi (niveau d\u2019\u00e9tude, emploi, nom de l\u2019employeur, r\u00e9mun\u00e9ration) ;<\/li><li>informations bancaires, financi\u00e8res et donn\u00e9es transactionnelles (donn\u00e9es relatives aux transactions, y compris informations sur les virements, profil d\u2019investisseur, valeur de vos actifs) ;<\/li><li>donn\u00e9es relatives \u00e0 vos habitudes et pr\u00e9f\u00e9rences : donn\u00e9es li\u00e9es \u00e0 l\u2019utilisation des produits et services souscrits en relation avec les donn\u00e9es bancaires, financi\u00e8res et transactionnelles ;<\/li><li>donn\u00e9es relatives aux interactions avec nous : dans nos locaux (comptes rendus de contact), sur nos sites Internet, sur nos applications, sur nos pages, sur les r\u00e9seaux sociaux, lors des entretiens et conversations t\u00e9l\u00e9phoniques.<\/li><\/ul><p>Les donn\u00e9es que nous utilisons peuvent \u00eatre collect\u00e9es directement aupr\u00e8s de vous ou obtenues des sources suivantes, dans le but de v\u00e9rifier ou d\u2019enrichir nos bases de donn\u00e9es :<\/p><ul><li>publications\/bases de donn\u00e9es rendues accessibles par les autorit\u00e9s officielles (journal officiel) ;<\/li><li>nos entreprises clientes ou fournisseurs de services ;<\/li><li>tiers tels que les organismes de renseignements commerciaux, de lutte contre la fraude, en conformit\u00e9 avec la r\u00e9glementation en mati\u00e8re de protection des donn\u00e9es ;<\/li><\/ul><p>sites Internet\/pages de r\u00e9seaux sociaux contenant des informations que vous avez rendues publiques et bases de donn\u00e9es rendues publiques par des tiers.<\/p>\t\t\t\t\t\t\t\t<\/div>\n\t\t\t\t<\/div>\n\t\t\t\t<div class=\"elementor-element elementor-element-f647508 elementor-widget elementor-widget-heading\" data-id=\"f647508\" data-element_type=\"widget\" data-e-type=\"widget\" data-widget_type=\"heading.default\">\n\t\t\t\t<div class=\"elementor-widget-container\">\n\t\t\t\t\t<h2 class=\"elementor-heading-title elementor-size-default\">2. CAS PARTICULIERS DE COLLECTE DE DONN\u00c9ES NOTAMMENT COLLECTE INDIRECTE<\/h2>\t\t\t\t<\/div>\n\t\t\t\t<\/div>\n\t\t\t\t<div class=\"elementor-element elementor-element-0ab38ec elementor-widget elementor-widget-text-editor\" data-id=\"0ab38ec\" data-element_type=\"widget\" data-e-type=\"widget\" data-widget_type=\"text-editor.default\">\n\t\t\t\t<div class=\"elementor-widget-container\">\n\t\t\t\t\t\t\t\t\t<p>Nous pouvons collecter des informations vous concernant bien que vous ne soyez pas client du Groupe ALLinvest.\u00a0<\/p><p>La liste ci-dessous (non exhaustive) constitue des exemples de donn\u00e9es personnelles collect\u00e9es par ALLinvest aupr\u00e8s de personnes non clientes, telles que :<\/p><ul><li>prospects, garants, mandataires, apporteurs d\u2019affaires\u00a0;<\/li><li>repr\u00e9sentants l\u00e9gaux, mandataires sociaux et personnes habilit\u00e9es d\u2019une personne morale cliente du Groupe ALLinvest\u00a0;<\/li><li>b\u00e9n\u00e9ficiaires effectifs et actionnaires d\u2019une personne morale cliente du Groupe ALLinvest\u00a0;<\/li><li>donneurs d\u2019ordres ou b\u00e9n\u00e9ficiaires lors de transactions faites en relation avec un client du Groupe ALLinvest\u00a0;<\/li><li>employ\u00e9s de nos prestataires.<\/li><\/ul>\t\t\t\t\t\t\t\t<\/div>\n\t\t\t\t<\/div>\n\t\t\t\t<div class=\"elementor-element elementor-element-2582af6 elementor-widget elementor-widget-heading\" data-id=\"2582af6\" data-element_type=\"widget\" data-e-type=\"widget\" data-widget_type=\"heading.default\">\n\t\t\t\t<div class=\"elementor-widget-container\">\n\t\t\t\t\t<h2 class=\"elementor-heading-title elementor-size-default\">3. POURQUOI ET SELON QUELLES BASES DE TRAITEMENT UTILISONS-NOUS VOS DONN\u00c9ES PERSONNELLES ?<\/h2>\t\t\t\t<\/div>\n\t\t\t\t<\/div>\n\t\t\t\t<div class=\"elementor-element elementor-element-e47d3bb elementor-widget elementor-widget-text-editor\" data-id=\"e47d3bb\" data-element_type=\"widget\" data-e-type=\"widget\" data-widget_type=\"text-editor.default\">\n\t\t\t\t<div class=\"elementor-widget-container\">\n\t\t\t\t\t\t\t\t\t<p><strong>a. Pour nous conformer \u00e0 nos obligations l\u00e9gales et r\u00e9glementaires<\/strong><\/p><p>Nous utilisons vos donn\u00e9es personnelles pour nous acquitter de diff\u00e9rentes obligations l\u00e9gales et r\u00e9glementaires, parmi lesquelles :<br \/>\u2022 la lutte contre le blanchiment de capitaux et le financement du terrorisme ;<br \/>\u2022 la conformit\u00e9 \u00e0 la l\u00e9gislation applicable en mati\u00e8re de sanctions internationales et d\u2019embargos ;<br \/>\u2022 la lutte contre la fraude fiscale, le respect des obligations en mati\u00e8re de contr\u00f4le fiscal et de d\u00e9claration ;<br \/>\u2022 le respect des r\u00e9glementations bancaires et financi\u00e8res en vertu desquelles nous devons notamment : \u00e9valuer votre solvabilit\u00e9 financi\u00e8re ;<br \/>\u2022 pr\u00e9venir les impay\u00e9s ;<br \/>\u2022 respecter notre devoir de conseil, par exemple en mati\u00e8re d\u2019assurance-vie ;<br \/>\u2022 contr\u00f4ler et d\u00e9clarer les risques auxquels l\u2019\u00e9tablissement pourrait \u00eatre expos\u00e9 ;<br \/>\u2022 les r\u00e9ponses aux demandes officielles d\u2019autorit\u00e9s publiques ou judiciaires d\u00fbment autoris\u00e9es.<\/p><p><strong>b. Pour ex\u00e9cuter un contrat conclu avec vous ou vous fournir des informations pr\u00e9 contractuelles<\/strong><\/p><p>Nous utilisons vos donn\u00e9es personnelles pour conclure et ex\u00e9cuter nos contrats y compris pour :<br \/>\u2022 vous fournir des informations relatives \u00e0 nos produits et services ;<br \/>\u2022 vous assister lors de demandes de souscription ;<br \/>\u2022 la souscription des produits et services distribu\u00e9s par ALLINVEST ;<br \/>\u2022 dans le cadre de la gestion de la relation client notamment : gestion et ex\u00e9cution des produits et services tels que la gestion conseill\u00e9e ou la gestion sous mandat;<br \/>\u2022 \u00e9valuation de vos besoins et de vos connaissances, par exemple en mati\u00e8re d\u2019assurance-vie ou de titres ;<br \/>\u2022 la s\u00e9curit\u00e9 des services que vous utilisez.<\/p><p><strong>c. Pour servir nos int\u00e9r\u00eats l\u00e9gitimes<\/strong><\/p><p>Nous utilisons vos donn\u00e9es personnelles pour mettre en place et d\u00e9velopper nos produits ou services, optimiser notre gestion du risque et d\u00e9fendre nos int\u00e9r\u00eats en justice, y compris \u00e0 des fins de :<br \/>\u2022 preuve de transactions ou d\u2019op\u00e9rations ;<br \/>\u2022 gestion informatique y compris gestion de l\u2019infrastructure (par exemple plateformes d\u2019\u00e9changes) et continuit\u00e9 des activit\u00e9s y compris la s\u00e9curit\u00e9 des personnes ;<br \/>\u2022 pr\u00e9vention de la fraude et des abus (mesures de s\u00e9curit\u00e9, contr\u00f4le de transactions inhabituelles) ;<br \/>\u2022 recouvrement ;<br \/>\u2022 enregistrement des appels t\u00e9l\u00e9phoniques ;<br \/>\u2022 personnalisation des offres commerciales : en am\u00e9liorant la qualit\u00e9 des produits ou services bancaires, financiers ou d\u2019assurance ; en vous proposant des produits ou services correspondant \u00e0 votre situation et \u00e0 votre profil tel que nous le d\u00e9finissons.<br \/>Ces propositions commerciales peuvent \u00eatre r\u00e9alis\u00e9es gr\u00e2ce \u00e0 :<br \/>\u2022 la segmentation des prospects et des clients ;<br \/>\u2022 la transmission de vos donn\u00e9es \u00e0 une autre soci\u00e9t\u00e9 du Groupe ALLinvest notamment si vous \u00eates \u2013 ou \u00eates amen\u00e9(e) \u00e0 devenir \u2013 client(e) de cette autre soci\u00e9t\u00e9 ;<br \/>\u2022 l\u2019adaptation de l\u2019offre de produits ou services compte tenu des produits ou services que vous d\u00e9tenez ou utilisez d\u00e9j\u00e0 et des donn\u00e9es que nous d\u00e9tenons (par exemple, nous pouvons identifier que vous d\u00e9tenez des valeurs \u00e9ligibles au PEA-PME mais pas d\u2019enveloppe fiscale PEA-PME) ;<br \/>\u2022 en contr\u00f4lant les transactions pour identifier celles qui semblent inhabituelles (par exemple, un montant important d\u00e9pos\u00e9 sur votre compte-titres).<\/p><p><strong>d. Pour respecter votre choix lorsque nous demandons votre consentement pour un traitement en particulier<\/strong><br \/><strong>Dans certains cas, le consentement est n\u00e9cessaire pour traiter vos donn\u00e9es par exemple:<\/strong><\/p><p>\u2022 lorsque les finalit\u00e9s d\u00e9crites ci-dessus donnent lieu \u00e0 une prise de d\u00e9cision automatis\u00e9e produisant des effets juridiques, vous concernant ou vous affectant de mani\u00e8re significative, nous vous informerons s\u00e9par\u00e9ment de la raison sous-jacente ainsi que de l\u2019importance et des cons\u00e9quences pr\u00e9vues de ce traitement;<br \/>\u2022 si nous proc\u00e9dons \u00e0 un traitement, \u00e0 des fins autres que celles d\u00e9crites dans la section 3, nous vous en informerons et si n\u00e9cessaire vous demanderons votre consentement.<\/p>\t\t\t\t\t\t\t\t<\/div>\n\t\t\t\t<\/div>\n\t\t\t\t<div class=\"elementor-element elementor-element-b6f95ee elementor-widget elementor-widget-heading\" data-id=\"b6f95ee\" data-element_type=\"widget\" data-e-type=\"widget\" data-widget_type=\"heading.default\">\n\t\t\t\t<div class=\"elementor-widget-container\">\n\t\t\t\t\t<h2 class=\"elementor-heading-title elementor-size-default\">4. \u00c0 QUELLES CAT\u00c9GORIES D\u2019ENTIT\u00c9S VOS DONN\u00c9ES PERSONNELLES POURRONT-ELLES \u00caTRE DIVULGU\u00c9ES ?<\/h2>\t\t\t\t<\/div>\n\t\t\t\t<\/div>\n\t\t\t\t<div class=\"elementor-element elementor-element-af9860c elementor-widget elementor-widget-text-editor\" data-id=\"af9860c\" data-element_type=\"widget\" data-e-type=\"widget\" data-widget_type=\"text-editor.default\">\n\t\t\t\t<div class=\"elementor-widget-container\">\n\t\t\t\t\t\t\t\t\t<p>Afin d\u2019accomplir les finalit\u00e9s pr\u00e9cit\u00e9es, nous pouvons \u00eatre amen\u00e9s \u00e0 communiquer vos donn\u00e9es personnelles uniquement aux :<\/p><ul><li>entit\u00e9s du Groupe ALLinvest,<\/li><li>prestataires de services et sous-traitants r\u00e9alisant des prestations pour notre compte,<\/li><li>mandataires ind\u00e9pendants, interm\u00e9diaires ou courtiers,<\/li><li>partenaires commerciaux et bancaires,<\/li><li>autorit\u00e9s financi\u00e8res, judiciaires ou agences d\u2019\u00c9tat, organismes publics sur demande et dans la limite de ce qui est permis par la r\u00e9glementation,<\/li><li>certaines professions r\u00e9glement\u00e9es telles qu\u2019avocats, notaires, commissaires aux comptes.<\/li><\/ul>\t\t\t\t\t\t\t\t<\/div>\n\t\t\t\t<\/div>\n\t\t\t\t<div class=\"elementor-element elementor-element-6224202 elementor-widget elementor-widget-heading\" data-id=\"6224202\" data-element_type=\"widget\" data-e-type=\"widget\" data-widget_type=\"heading.default\">\n\t\t\t\t<div class=\"elementor-widget-container\">\n\t\t\t\t\t<h2 class=\"elementor-heading-title elementor-size-default\">5. PENDANT COMBIEN DE TEMPS CONSERVONS-NOUS VOS DONN\u00c9ES PERSONNELLES ?<\/h2>\t\t\t\t<\/div>\n\t\t\t\t<\/div>\n\t\t\t\t<div class=\"elementor-element elementor-element-030f2d4 elementor-widget elementor-widget-text-editor\" data-id=\"030f2d4\" data-element_type=\"widget\" data-e-type=\"widget\" data-widget_type=\"text-editor.default\">\n\t\t\t\t<div class=\"elementor-widget-container\">\n\t\t\t\t\t\t\t\t\t<p>Nous conservons vos donn\u00e9es personnelles pour la plus longue des dur\u00e9es n\u00e9cessaires au respect des dispositions l\u00e9gales et r\u00e9glementaires applicables ou une autre dur\u00e9e compte tenu des contraintes op\u00e9rationnelles telles qu\u2019une bonne tenue de compte, un management efficace de la relation clients et les r\u00e9ponses aux demandes en justice ou du r\u00e9gulateur.<\/p><p>S\u2019agissant des clients, la majorit\u00e9 des informations sont conserv\u00e9es pendant la dur\u00e9e de la relation contractuelle et pendant 10 ans apr\u00e8s la fin de la relation contractuelle.<\/p><p>S\u2019agissant des prospects, les informations sont conserv\u00e9es 3 ans \u00e0 compter de leur collecte ou de notre dernier contact avec vous.<\/p>\t\t\t\t\t\t\t\t<\/div>\n\t\t\t\t<\/div>\n\t\t\t\t<div class=\"elementor-element elementor-element-ac8c507 elementor-widget elementor-widget-heading\" data-id=\"ac8c507\" data-element_type=\"widget\" data-e-type=\"widget\" data-widget_type=\"heading.default\">\n\t\t\t\t<div class=\"elementor-widget-container\">\n\t\t\t\t\t<h2 class=\"elementor-heading-title elementor-size-default\">6. QUELS SONT VOS DROITS ET DE QUELLE MANI\u00c8RE POUVEZ-VOUS LES EXERCER ?<\/h2>\t\t\t\t<\/div>\n\t\t\t\t<\/div>\n\t\t\t\t<div class=\"elementor-element elementor-element-370bf49 elementor-widget elementor-widget-text-editor\" data-id=\"370bf49\" data-element_type=\"widget\" data-e-type=\"widget\" data-widget_type=\"text-editor.default\">\n\t\t\t\t<div class=\"elementor-widget-container\">\n\t\t\t\t\t\t\t\t\t<p>Conform\u00e9ment \u00e0 la r\u00e9glementation applicable, vous disposez de diff\u00e9rents droits, \u00e0 savoir :<\/p><ul><li>Droit d\u2019acc\u00e8s : vous pouvez obtenir des informations concernant le traitement de vos donn\u00e9es personnelles ainsi qu\u2019une copie de ces donn\u00e9es personnelles.<\/li><li>Droit de rectification : si vous estimez que vos donn\u00e9es personnelles sont inexactes ou incompl\u00e8tes, vous pouvez exiger que ces donn\u00e9es personnelles soient modifi\u00e9es en cons\u00e9quence.<\/li><li>Droit \u00e0 l\u2019effacement : vous pouvez exiger l\u2019effacement de vos donn\u00e9es personnelles dans la limite de ce qui est permis par la r\u00e9glementation.<\/li><li>Droit \u00e0 la limitation du traitement : vous pouvez demander la limitation de traitement de vos donn\u00e9es personnelles.<\/li><li>Droit d\u2019opposition : vous pouvez vous opposer au traitement de vos donn\u00e9es personnelles, pour des motifs li\u00e9s \u00e0 votre situation particuli\u00e8re. Vous disposez du droit absolu de vous opposer au traitement de vos donn\u00e9es personnelles \u00e0 des fins de prospection commerciale, y compris le profilage li\u00e9 \u00e0 cette prospection.<\/li><li>Droit \u00e0 la portabilit\u00e9 de vos donn\u00e9es, quand ce droit est applicable, vous avez le droit que les donn\u00e9es personnelles que vous nous avez fournies vous soient rendues ou, lorsque cela est possible, techniquement, de les transf\u00e9rer \u00e0 un tiers;<\/li><li>Droit de d\u00e9finir des directives relatives \u00e0 la conservation, l\u2019effacement ou la communication de vos donn\u00e9es personnelles, applicables apr\u00e8s votre d\u00e9c\u00e8s.<\/li><li>Droit de retirer votre consentement : si vous avez donn\u00e9 votre consentement au traitement de vos donn\u00e9es personnelles, vous avez le droit de retirer votre consentement \u00e0 tout moment.<\/li><\/ul><p>Vous pouvez exercer les droits list\u00e9s ci-dessus\u00a0:\u00a0<\/p><ul><li>par courrier adress\u00e9 \u00e0 Invest &amp; Associ\u00e9s \u2013 DPO, 73 boulevard Haussmann, 75008 Paris<\/li><li>par email \u00e0 l\u2019adresse\u00a0<a href=\"mailto:dpo@all-invest.com\">dpo@all-invest.com<\/a><\/li><\/ul><p>Conform\u00e9ment \u00e0 la r\u00e9glementation applicable, vous \u00eates en droit de porter r\u00e9clamation aupr\u00e8s de l\u2019autorit\u00e9 de contr\u00f4le comp\u00e9tente telle que la CNIL (Commission Nationale de l\u2019Informatique et de Libert\u00e9s) en France.<\/p>\t\t\t\t\t\t\t\t<\/div>\n\t\t\t\t<\/div>\n\t\t\t\t<div class=\"elementor-element elementor-element-e7904fd elementor-widget elementor-widget-heading\" data-id=\"e7904fd\" data-element_type=\"widget\" data-e-type=\"widget\" data-widget_type=\"heading.default\">\n\t\t\t\t<div class=\"elementor-widget-container\">\n\t\t\t\t\t<h2 class=\"elementor-heading-title elementor-size-default\">7. COMMENT NOUS CONTACTER ?<\/h2>\t\t\t\t<\/div>\n\t\t\t\t<\/div>\n\t\t\t\t<div class=\"elementor-element elementor-element-2299a0a elementor-widget elementor-widget-text-editor\" data-id=\"2299a0a\" data-element_type=\"widget\" data-e-type=\"widget\" data-widget_type=\"text-editor.default\">\n\t\t\t\t<div class=\"elementor-widget-container\">\n\t\t\t\t\t\t\t\t\t<p>Si vous avez des questions concernant l\u2019utilisation de vos donn\u00e9es personnelles vis\u00e9e par le pr\u00e9sent document, vous pouvez contacter notre D\u00e9l\u00e9gu\u00e9 \u00e0 la Protection des Donn\u00e9es par courrier adress\u00e9 \u00e0\u00a0: Invest et Associ\u00e9s \u2013 DPO, 73 boulevard Haussmann, 75008 Paris, ou par email \u00e0 l\u2019adresse\u00a0<a href=\"mailto:dpo@all-invest.com\">dpo@all-invest.com<\/a>\u00a0<\/p>\t\t\t\t\t\t\t\t<\/div>\n\t\t\t\t<\/div>\n\t\t\t\t<\/div>\n\t\t\t\t\t<\/div>\n\t\t\t\t<\/div>\n\t\t\t\t<\/div>","protected":false},"excerpt":{"rendered":"<p>Politique de protection des donn\u00e9es personnelles ALLinvest est le nom commercial de l\u2019ensemble des activit\u00e9s de la compagnie holding d\u2019investissement INVEST ET [&hellip;]<\/p>\n","protected":false},"author":3,"featured_media":0,"parent":0,"menu_order":0,"comment_status":"closed","ping_status":"open","template":"","meta":{"inline_featured_image":false,"footnotes":""},"class_list":["post-3","page","type-page","status-publish","hentry"],"acf":[],"_links":{"self":[{"href":"https:\/\/all-invest.com\/en\/wp-json\/wp\/v2\/pages\/3","targetHints":{"allow":["GET"]}}],"collection":[{"href":"https:\/\/all-invest.com\/en\/wp-json\/wp\/v2\/pages"}],"about":[{"href":"https:\/\/all-invest.com\/en\/wp-json\/wp\/v2\/types\/page"}],"author":[{"embeddable":true,"href":"https:\/\/all-invest.com\/en\/wp-json\/wp\/v2\/users\/3"}],"replies":[{"embeddable":true,"href":"https:\/\/all-invest.com\/en\/wp-json\/wp\/v2\/comments?post=3"}],"version-history":[{"count":0,"href":"https:\/\/all-invest.com\/en\/wp-json\/wp\/v2\/pages\/3\/revisions"}],"wp:attachment":[{"href":"https:\/\/all-invest.com\/en\/wp-json\/wp\/v2\/media?parent=3"}],"curies":[{"name":"wp","href":"https:\/\/api.w.org\/{rel}","templated":true}]}}