{"id":1141,"date":"2024-07-16T14:09:57","date_gmt":"2024-07-16T14:09:57","guid":{"rendered":"https:\/\/great-wu.145-239-198-223.plesk.page\/?page_id=1141"},"modified":"2026-03-13T11:59:37","modified_gmt":"2026-03-13T11:59:37","slug":"mentions-legales","status":"publish","type":"page","link":"https:\/\/all-invest.com\/en\/mentions-legales\/","title":{"rendered":"Mentions legales"},"content":{"rendered":"<div data-elementor-type=\"wp-page\" data-elementor-id=\"1141\" class=\"elementor elementor-1141\" data-elementor-post-type=\"page\">\n\t\t\t\t<div data-particle_enable=\"false\" data-particle-mobile-disabled=\"false\" class=\"elementor-element elementor-element-899b40a e-flex e-con-boxed e-con e-parent\" data-id=\"899b40a\" data-element_type=\"container\" data-e-type=\"container\" data-settings=\"{&quot;background_background&quot;:&quot;classic&quot;}\">\n\t\t\t\t\t<div class=\"e-con-inner\">\n\t\t\t\t<div class=\"elementor-element elementor-element-9415338 elementor-widget elementor-widget-heading\" data-id=\"9415338\" data-element_type=\"widget\" data-e-type=\"widget\" data-widget_type=\"heading.default\">\n\t\t\t\t<div class=\"elementor-widget-container\">\n\t\t\t\t\t<h1 class=\"elementor-heading-title elementor-size-default\">Mentions L\u00e9gales<\/h1>\t\t\t\t<\/div>\n\t\t\t\t<\/div>\n\t\t\t\t\t<\/div>\n\t\t\t\t<\/div>\n\t\t<div data-particle_enable=\"false\" data-particle-mobile-disabled=\"false\" class=\"elementor-element elementor-element-12dc895 e-flex e-con-boxed e-con e-parent\" data-id=\"12dc895\" data-element_type=\"container\" data-e-type=\"container\" data-settings=\"{&quot;background_background&quot;:&quot;classic&quot;}\">\n\t\t\t\t\t<div class=\"e-con-inner\">\n\t\t<div data-particle_enable=\"false\" data-particle-mobile-disabled=\"false\" class=\"elementor-element elementor-element-de79bfc e-con-full e-flex e-con e-child\" data-id=\"de79bfc\" data-element_type=\"container\" data-e-type=\"container\" data-settings=\"{&quot;background_background&quot;:&quot;classic&quot;}\">\n\t\t<div data-particle_enable=\"false\" data-particle-mobile-disabled=\"false\" class=\"elementor-element elementor-element-d5230bd e-con-full e-flex e-con e-child\" data-id=\"d5230bd\" data-element_type=\"container\" data-e-type=\"container\">\n\t\t\t\t<div class=\"elementor-element elementor-element-b6fb3f1 elementor-widget__width-inherit elementor-widget elementor-widget-text-editor\" data-id=\"b6fb3f1\" data-element_type=\"widget\" data-e-type=\"widget\" data-widget_type=\"text-editor.default\">\n\t\t\t\t<div class=\"elementor-widget-container\">\n\t\t\t\t\t\t\t\t\t<p><strong>1. Identification<\/strong><\/p><p><strong>Publisher: INVEST ET ASSOCIES<\/strong>, soci\u00e9t\u00e9 \u00e0 responsabilit\u00e9 limit\u00e9e with capital of \u20ac 3,000,000, whose registered office is located at 73 boulevard Haussmann in PARIS (75008), registered with the Paris Trade and Companies Register under number 437 960 073, whose intra-community VAT number is FR02437960073, approved by the Autorit\u00e9 de Contr\u00f4le Prudentiel et de R\u00e9solution as an investment holding company under number CIB 09838 and whose LEI is 96950063ICJOISFNL857, represented by its managers (G\u00e9rants) Marc-Antoine Guillen and Jean-Emmanuel Vernay.<\/p><p>INVEST ET ASSOCIES is the holding company of the ALLinvest Group, which mainly comprises three operating companies:<\/p><p><strong>1. ALLinvest Corporate Finance<\/strong>, the trading name of Invest Corporate Finance, soci\u00e9t\u00e9 par actions simplifi\u00e9e with capital of \u20ac2,356,608, whose registered office is at 73, boulevard Haussmann - 75008 Paris, registered with the Paris Trade and Companies Register under number 410 263 842, whose intra-community VAT number is FR54410263842 ;<\/p><p><strong>2. ALLinvest Securities<\/strong>, the trading name of Invest Securities, soci\u00e9t\u00e9 anonyme with capital of \u20ac2,100,000, having its registered office at 73, boulevard Haussmann - 75008 Paris (France), registered with the Paris Trade and Companies Register under number 439 866 112, whose intra-community VAT number is FR66439866112; authorised by the Autorit\u00e9 de Contr\u00f4le Prudentiel et de R\u00e9solution as an investment services provider under number CIB 13773 and whose LEI is 969500JAO8NC3167JL27.<\/p><p><strong>3. Sully Patrimoine Gestion<\/strong>, soci\u00e9t\u00e9 anonyme \u00e0 directoire et conseil de surveillance with capital of \u20ac550,000, having its registered office at 73, boulevard Haussmann, Paris (75008), registered with the Paris Trade and Companies Register under number 443 242 953, whose intra-community VAT number is FR06443242953.<\/p><p>E mail : contact@all-invest.com<\/p><p><strong>Host :<\/strong> The www.all-invest.com website (hereinafter the \u2018Website\u2019) is hosted by OVH<br \/>SAS with capital of \u20ac50,000,000<br \/>Registered office : 2 rue Kellermann - 59100 Roubaix - France.<br \/>RCS Lille M\u00e9tropole 424 761 419 00045<br \/>Code APE 6202A<br \/>VAT NUMBER: FR 22 424 761 419<\/p><p><strong>Publication directors :<\/strong> Marc-Antoine Guillen; Jean-Emmanuel Vernay and Bertrand le Galcher Baron<\/p><p><strong>2. Intellectual property rights<\/strong><\/p><p>The reproduction or representation, in whole or in part, of the pages, data and any other component of the Website, by any process or medium whatsoever, is prohibited and constitutes, without the publisher's authorisation, an infringement of copyright. Requests for authorisation should be sent via the Website's contact address (contact@all-invest.com).<\/p><p>The trademarks mentioned on this Website are registered by the companies that own them.<\/p><p>Use of the Website by users does not imply any licence and\/or transfer of intellectual property rights relating to the Website and\/or the elements comprising it. Any documents that may be downloaded and\/or printed remain the exclusive property of the ALLinvest Group.<\/p><p><strong>3. Cookies<\/strong><\/p><p><strong>3-1. Use of Cookies<\/strong><br \/>Our Website uses cookies to improve your browsing experience. Cookies are small text files stored on your device when you visit our Website.<\/p><p><strong>3-2. Types of cookies used<\/strong><br \/>Essential cookies: These cookies are necessary for the Website to function properly and cannot be deactivated in our systems.<br \/>Performance cookies: These cookies enable us to count visits and sources of traffic in order to measure and improve the performance of our Website.<br \/>Functionality Cookies: These cookies enable the Website to provide enhanced functionality and personalisation.<br \/>Targeting Cookies: These cookies may be placed on our Website by our advertising partners to create a profile of your interests and show you relevant advertisements on other sites.<\/p><p><strong>3-3. Managing Cookies<\/strong><br \/>You can configure your browser to block or be alerted to the use of cookies. However, certain parts of the Website may not function correctly without these cookies.<\/p><p><strong>3-4. Consent<\/strong><br \/>By using our Website, you consent to the use of cookies in accordance with this policy.<\/p><p><strong>3-5. Changes to the Cookie Policy<\/strong><br \/>We reserve the right to change this cookie policy at any time. Any changes will be posted on this page.<\/p><p>Website created by MAIOR and <a href=\"https:\/\/www.davytopiol.com\/fr\/\" target=\"_blank\" rel=\"noopener\">DAVYTOPIOL<\/a>.<\/p>\t\t\t\t\t\t\t\t<\/div>\n\t\t\t\t<\/div>\n\t\t\t\t<\/div>\n\t\t\t\t<\/div>\n\t\t\t\t\t<\/div>\n\t\t\t\t<\/div>\n\t\t\t\t<\/div>","protected":false},"excerpt":{"rendered":"<p>Mentions L\u00e9gales 1. Identification Editeur : INVEST ET ASSOCIES, soci\u00e9t\u00e9 \u00e0 responsabilit\u00e9 limit\u00e9e au capital de 3.000.000 euros, dont le si\u00e8ge social [&hellip;]<\/p>\n","protected":false},"author":3,"featured_media":0,"parent":0,"menu_order":0,"comment_status":"closed","ping_status":"closed","template":"","meta":{"inline_featured_image":false,"footnotes":""},"class_list":["post-1141","page","type-page","status-publish","hentry"],"acf":[],"_links":{"self":[{"href":"https:\/\/all-invest.com\/en\/wp-json\/wp\/v2\/pages\/1141","targetHints":{"allow":["GET"]}}],"collection":[{"href":"https:\/\/all-invest.com\/en\/wp-json\/wp\/v2\/pages"}],"about":[{"href":"https:\/\/all-invest.com\/en\/wp-json\/wp\/v2\/types\/page"}],"author":[{"embeddable":true,"href":"https:\/\/all-invest.com\/en\/wp-json\/wp\/v2\/users\/3"}],"replies":[{"embeddable":true,"href":"https:\/\/all-invest.com\/en\/wp-json\/wp\/v2\/comments?post=1141"}],"version-history":[{"count":0,"href":"https:\/\/all-invest.com\/en\/wp-json\/wp\/v2\/pages\/1141\/revisions"}],"wp:attachment":[{"href":"https:\/\/all-invest.com\/en\/wp-json\/wp\/v2\/media?parent=1141"}],"curies":[{"name":"wp","href":"https:\/\/api.w.org\/{rel}","templated":true}]}}